{"id":1006,"date":"2025-05-22T11:11:46","date_gmt":"2025-05-22T11:11:46","guid":{"rendered":"https:\/\/assoufid.com\/clubhouse\/"},"modified":"2025-08-27T12:42:06","modified_gmt":"2025-08-27T12:42:06","slug":"clubhouse","status":"publish","type":"page","link":"https:\/\/assoufid.com\/fr\/clubhouse\/","title":{"rendered":"Clubhouse"},"content":{"rendered":"\t\t<div data-elementor-type=\"wp-page\" data-elementor-id=\"1006\" class=\"elementor elementor-1006 elementor-31\" data-elementor-post-type=\"page\">\n\t\t\t\t<div class=\"elementor-element elementor-element-b8b2fb0 e-con-full e-flex e-con e-parent\" data-id=\"b8b2fb0\" data-element_type=\"container\" data-e-type=\"container\" data-settings=\"{&quot;background_background&quot;:&quot;classic&quot;}\">\n\t\t\t\t<div class=\"elementor-element elementor-element-cd77cfa elementor-widget__width-initial elementor-invisible elementor-widget elementor-widget-heading\" data-id=\"cd77cfa\" data-element_type=\"widget\" data-e-type=\"widget\" data-settings=\"{&quot;_animation&quot;:&quot;fadeIn&quot;}\" data-widget_type=\"heading.default\">\n\t\t\t\t<div class=\"elementor-widget-container\">\n\t\t\t\t\t<h2 class=\"elementor-heading-title elementor-size-default\">Clubhouse<\/h2>\t\t\t\t<\/div>\n\t\t\t\t<\/div>\n\t\t\t\t<\/div>\n\t\t<div class=\"elementor-element elementor-element-a012ec3 e-flex e-con-boxed e-con e-parent\" data-id=\"a012ec3\" data-element_type=\"container\" data-e-type=\"container\" data-settings=\"{&quot;background_background&quot;:&quot;classic&quot;}\">\n\t\t\t\t\t<div class=\"e-con-inner\">\n\t\t<div class=\"elementor-element elementor-element-9ef0a8e e-flex e-con-boxed elementor-invisible e-con e-child\" data-id=\"9ef0a8e\" data-element_type=\"container\" data-e-type=\"container\" data-settings=\"{&quot;background_background&quot;:&quot;classic&quot;,&quot;animation&quot;:&quot;fadeInUp&quot;}\">\n\t\t\t\t\t<div class=\"e-con-inner\">\n\t\t\t\t<div class=\"elementor-element elementor-element-33389e1 elementor-widget__width-initial elementor-widget elementor-widget-heading\" data-id=\"33389e1\" data-element_type=\"widget\" data-e-type=\"widget\" data-widget_type=\"heading.default\">\n\t\t\t\t<div class=\"elementor-widget-container\">\n\t\t\t\t\t<h2 class=\"elementor-heading-title elementor-size-default\">L'exp\u00e9rience du Clubhouse ASSOUFID<\/h2>\t\t\t\t<\/div>\n\t\t\t\t<\/div>\n\t\t\t\t<div class=\"elementor-element elementor-element-28a49bb elementor-widget elementor-widget-text-editor\" data-id=\"28a49bb\" data-element_type=\"widget\" data-e-type=\"widget\" data-widget_type=\"text-editor.default\">\n\t\t\t\t<div class=\"elementor-widget-container\">\n\t\t\t\t\t\t\t\t\t<p>Au pied de l&rsquo;Atlas, l&rsquo;ASSOUFID GOLF CLUB est un lieu enchanteur o\u00f9 vous pourrez vous adonner \u00e0 votre sport favori. Ce terrain de golf fascinant, situ\u00e9 \u00e0 quelques kilom\u00e8tres du centre ville de Marrakech, vous permet d&rsquo;exercer une activit\u00e9 intense dans une ambiance agr\u00e9able.<br \/>Figurant parmi les meilleurs terrains de golf du Maroc, ASSOUFID GOLF CLUB vous invite \u00e0 profiter de quelques heures en pleine nature pour vous d\u00e9tendre et vous procurer des sensations intenses.<\/p>\t\t\t\t\t\t\t\t<\/div>\n\t\t\t\t<\/div>\n\t\t<div class=\"elementor-element elementor-element-ceea72a e-con-full e-flex e-con e-child\" data-id=\"ceea72a\" data-element_type=\"container\" data-e-type=\"container\">\n\t\t\t\t<div class=\"elementor-element elementor-element-e0ab981 elementor-align-center elementor-widget elementor-widget-button\" data-id=\"e0ab981\" data-element_type=\"widget\" data-e-type=\"widget\" data-widget_type=\"button.default\">\n\t\t\t\t<div class=\"elementor-widget-container\">\n\t\t\t\t\t\t\t\t\t<div class=\"elementor-button-wrapper\">\n\t\t\t\t\t<a class=\"elementor-button elementor-button-link elementor-size-sm\" href=\"https:\/\/assoufid.com\/contact\/\">\n\t\t\t\t\t\t<span class=\"elementor-button-content-wrapper\">\n\t\t\t\t\t\t\t\t\t<span class=\"elementor-button-text\">CONTACTEZ-NOUS<\/span>\n\t\t\t\t\t<\/span>\n\t\t\t\t\t<\/a>\n\t\t\t\t<\/div>\n\t\t\t\t\t\t\t\t<\/div>\n\t\t\t\t<\/div>\n\t\t\t\t<div class=\"elementor-element elementor-element-4fe0e4f elementor-align-center elementor-widget elementor-widget-button\" data-id=\"4fe0e4f\" data-element_type=\"widget\" data-e-type=\"widget\" data-widget_type=\"button.default\">\n\t\t\t\t<div class=\"elementor-widget-container\">\n\t\t\t\t\t\t\t\t\t<div class=\"elementor-button-wrapper\">\n\t\t\t\t\t<a class=\"elementor-button elementor-button-link elementor-size-sm\" href=\"https:\/\/assoufid.com\/gallery\/\">\n\t\t\t\t\t\t<span class=\"elementor-button-content-wrapper\">\n\t\t\t\t\t\t\t\t\t<span class=\"elementor-button-text\">ASSOUFID GOLF CLUB en images<\/span>\n\t\t\t\t\t<\/span>\n\t\t\t\t\t<\/a>\n\t\t\t\t<\/div>\n\t\t\t\t\t\t\t\t<\/div>\n\t\t\t\t<\/div>\n\t\t\t\t<\/div>\n\t\t\t\t\t<\/div>\n\t\t\t\t<\/div>\n\t\t\t\t\t<\/div>\n\t\t\t\t<\/div>\n\t\t<div class=\"elementor-element elementor-element-8967891 e-flex e-con-boxed e-con e-parent\" data-id=\"8967891\" data-element_type=\"container\" data-e-type=\"container\">\n\t\t\t\t\t<div class=\"e-con-inner\">\n\t\t\t\t<div class=\"elementor-element elementor-element-f982fb8 elementor-widget__width-inherit elementor-widget elementor-widget-heading\" data-id=\"f982fb8\" data-element_type=\"widget\" data-e-type=\"widget\" data-widget_type=\"heading.default\">\n\t\t\t\t<div class=\"elementor-widget-container\">\n\t\t\t\t\t<h2 class=\"elementor-heading-title elementor-size-default\">CLUBHOUSE<\/h2>\t\t\t\t<\/div>\n\t\t\t\t<\/div>\n\t\t\t\t<div class=\"elementor-element elementor-element-ab1ecd1 elementor-widget elementor-widget-text-editor\" data-id=\"ab1ecd1\" data-element_type=\"widget\" data-e-type=\"widget\" data-widget_type=\"text-editor.default\">\n\t\t\t\t<div class=\"elementor-widget-container\">\n\t\t\t\t\t\t\t\t\t<p>Situ\u00e9 sur la cr\u00eate de l&rsquo;un des points culminants du terrain vallonn\u00e9 d&rsquo;Assoufid, le Clubhouse d&rsquo;Assoufid offre une vue panoramique \u00e9poustouflante sur les montagnes de l&rsquo;Atlas et le terrain de golf. De telles vues dans un environnement paisible sont rares \u00e0 Marrakech et Assoufid b\u00e9n\u00e9ficie de l&rsquo;une des plus belles.\u2028<br \/>Ouvert tous les jours \u00e0 partir de 7h50, le CLUBHOUSE de Marrakech se compose d&rsquo;un Pro shop\/r\u00e9ception, d&rsquo;un bar\/restaurant, d&rsquo;une terrasse, de vestiaires et d&rsquo;un salon pour les membres.\u2028<br \/>En plus d&rsquo;\u00eatre un lieu agr\u00e9able et fonctionnel pour accueillir les golfeurs, le CLUBHOUSE de Marrakech est un endroit id\u00e9al pour accueillir des \u00e9v\u00e9nements tels que des f\u00eates, des mariages et autres \u00e9v\u00e9nements similaires.<\/p>\t\t\t\t\t\t\t\t<\/div>\n\t\t\t\t<\/div>\n\t\t\t\t\t<\/div>\n\t\t\t\t<\/div>\n\t\t<div class=\"elementor-element elementor-element-804dd23 e-flex e-con-boxed elementor-invisible e-con e-parent\" data-id=\"804dd23\" data-element_type=\"container\" data-e-type=\"container\" data-settings=\"{&quot;animation&quot;:&quot;fadeIn&quot;}\">\n\t\t\t\t\t<div class=\"e-con-inner\">\n\t\t<div class=\"elementor-element elementor-element-9ce397b e-con-full e-flex e-con e-child\" data-id=\"9ce397b\" data-element_type=\"container\" data-e-type=\"container\">\n\t\t\t\t<div class=\"elementor-element elementor-element-9d6b250 elementor-widget elementor-widget-image\" data-id=\"9d6b250\" data-element_type=\"widget\" data-e-type=\"widget\" data-widget_type=\"image.default\">\n\t\t\t\t<div class=\"elementor-widget-container\">\n\t\t\t\t\t\t\t\t\t\t\t\t\t\t\t<img fetchpriority=\"high\" decoding=\"async\" width=\"617\" height=\"538\" src=\"https:\/\/assoufid.com\/wp-content\/uploads\/2025\/05\/Bar-Restaurant.png\" class=\"attachment-large size-large wp-image-939\" alt=\"\" srcset=\"https:\/\/assoufid.com\/wp-content\/uploads\/2025\/05\/Bar-Restaurant.png 617w, https:\/\/assoufid.com\/wp-content\/uploads\/2025\/05\/Bar-Restaurant-300x262.png 300w\" sizes=\"(max-width: 617px) 100vw, 617px\" \/>\t\t\t\t\t\t\t\t\t\t\t\t\t\t\t<\/div>\n\t\t\t\t<\/div>\n\t\t\t\t<\/div>\n\t\t<div class=\"elementor-element elementor-element-59f238b e-con-full e-flex e-con e-child\" data-id=\"59f238b\" data-element_type=\"container\" data-e-type=\"container\" data-settings=\"{&quot;background_background&quot;:&quot;classic&quot;}\">\n\t\t\t\t<div class=\"elementor-element elementor-element-80caa68 elementor-widget elementor-widget-heading\" data-id=\"80caa68\" data-element_type=\"widget\" data-e-type=\"widget\" data-widget_type=\"heading.default\">\n\t\t\t\t<div class=\"elementor-widget-container\">\n\t\t\t\t\t<h2 class=\"elementor-heading-title elementor-size-default\">Bar-Restaurant<\/h2>\t\t\t\t<\/div>\n\t\t\t\t<\/div>\n\t\t\t\t<div class=\"elementor-element elementor-element-17e74c4 elementor-widget elementor-widget-text-editor\" data-id=\"17e74c4\" data-element_type=\"widget\" data-e-type=\"widget\" data-widget_type=\"text-editor.default\">\n\t\t\t\t<div class=\"elementor-widget-container\">\n\t\t\t\t\t\t\t\t\t<p>Dot\u00e9 d&rsquo;\u00e9l\u00e9gantes terrasses int\u00e9rieures et ext\u00e9rieures, l&rsquo;Assoufid Clubhouse propose une vari\u00e9t\u00e9 d&rsquo;entr\u00e9es exquises, de plats principaux, de salades et de boissons servis tout au long de la journ\u00e9e par le chef prim\u00e9 Noureddine El Alem, qui modifie r\u00e9guli\u00e8rement le menu en proposant des choix pour s\u00e9duire les palais internationaux. Le Clubhouse Assoufid accueille les golfeurs et les non-golfeurs.<br \/>Le restaurant du Clubhouse Assoufid est dirig\u00e9 par notre directeur de restaurant, Oussama Farnada.<\/p><p>Pour r\u00e9server, appelez-nous au : <a href=\"tel:+212524374801\">+212 524 37 48 01<\/a>, ou nous contacter par email : <a href=\"mailto:golf.restaurant@assoufid.com\">golf.restaurant@assoufid.com<\/a>.<\/p>\t\t\t\t\t\t\t\t<\/div>\n\t\t\t\t<\/div>\n\t\t\t\t<\/div>\n\t\t\t\t\t<\/div>\n\t\t\t\t<\/div>\n\t\t<div class=\"elementor-element elementor-element-ea348e6 e-flex e-con-boxed elementor-invisible e-con e-parent\" data-id=\"ea348e6\" data-element_type=\"container\" data-e-type=\"container\" data-settings=\"{&quot;animation&quot;:&quot;fadeIn&quot;}\">\n\t\t\t\t\t<div class=\"e-con-inner\">\n\t\t<div class=\"elementor-element elementor-element-f671a0c e-con-full e-flex e-con e-child\" data-id=\"f671a0c\" data-element_type=\"container\" data-e-type=\"container\" data-settings=\"{&quot;background_background&quot;:&quot;classic&quot;}\">\n\t\t\t\t<div class=\"elementor-element elementor-element-62a9428 elementor-widget elementor-widget-heading\" data-id=\"62a9428\" data-element_type=\"widget\" data-e-type=\"widget\" data-widget_type=\"heading.default\">\n\t\t\t\t<div class=\"elementor-widget-container\">\n\t\t\t\t\t<h2 class=\"elementor-heading-title elementor-size-default\">Members lounge<\/h2>\t\t\t\t<\/div>\n\t\t\t\t<\/div>\n\t\t\t\t<div class=\"elementor-element elementor-element-d9d0229 elementor-widget elementor-widget-text-editor\" data-id=\"d9d0229\" data-element_type=\"widget\" data-e-type=\"widget\" data-widget_type=\"text-editor.default\">\n\t\t\t\t<div class=\"elementor-widget-container\">\n\t\t\t\t\t\t\t\t\t<p>Le salon des membres est une zone priv\u00e9e d\u00e9sign\u00e9e au sein du clubhouse qui est exclusive aux membres du club de golf Assoufid avec un environnement priv\u00e9 serein et d\u00e9tendu qui peut \u00e9galement \u00eatre utilis\u00e9 comme un espace pour rencontrer et interagir avec d&rsquo;autres membres du club. Le salon des membres est \u00e9quip\u00e9 d&rsquo;une table de billard.<\/p>\t\t\t\t\t\t\t\t<\/div>\n\t\t\t\t<\/div>\n\t\t\t\t<\/div>\n\t\t<div class=\"elementor-element elementor-element-45c7772 e-con-full e-flex e-con e-child\" data-id=\"45c7772\" data-element_type=\"container\" data-e-type=\"container\">\n\t\t\t\t<div class=\"elementor-element elementor-element-d18a08f elementor-widget elementor-widget-image\" data-id=\"d18a08f\" data-element_type=\"widget\" data-e-type=\"widget\" data-widget_type=\"image.default\">\n\t\t\t\t<div class=\"elementor-widget-container\">\n\t\t\t\t\t\t\t\t\t\t\t\t\t\t\t<img decoding=\"async\" width=\"609\" height=\"470\" src=\"https:\/\/assoufid.com\/wp-content\/uploads\/2025\/08\/assoufid-golf-club-Golf-Marrakech-lounge.jpg\" class=\"attachment-large size-large wp-image-1757\" alt=\"\" srcset=\"https:\/\/assoufid.com\/wp-content\/uploads\/2025\/08\/assoufid-golf-club-Golf-Marrakech-lounge.jpg 609w, https:\/\/assoufid.com\/wp-content\/uploads\/2025\/08\/assoufid-golf-club-Golf-Marrakech-lounge-300x232.jpg 300w\" sizes=\"(max-width: 609px) 100vw, 609px\" \/>\t\t\t\t\t\t\t\t\t\t\t\t\t\t\t<\/div>\n\t\t\t\t<\/div>\n\t\t\t\t<\/div>\n\t\t\t\t\t<\/div>\n\t\t\t\t<\/div>\n\t\t<div class=\"elementor-element elementor-element-1c7cb18 e-flex e-con-boxed elementor-invisible e-con e-parent\" data-id=\"1c7cb18\" data-element_type=\"container\" data-e-type=\"container\" data-settings=\"{&quot;animation&quot;:&quot;fadeIn&quot;}\">\n\t\t\t\t\t<div class=\"e-con-inner\">\n\t\t<div class=\"elementor-element elementor-element-cc52ea1 e-con-full e-flex e-con e-child\" data-id=\"cc52ea1\" data-element_type=\"container\" data-e-type=\"container\">\n\t\t\t\t<div class=\"elementor-element elementor-element-d92f2c1 elementor-widget elementor-widget-image\" data-id=\"d92f2c1\" data-element_type=\"widget\" data-e-type=\"widget\" data-widget_type=\"image.default\">\n\t\t\t\t<div class=\"elementor-widget-container\">\n\t\t\t\t\t\t\t\t\t\t\t\t\t\t\t<img decoding=\"async\" width=\"800\" height=\"534\" src=\"https:\/\/assoufid.com\/wp-content\/uploads\/2025\/07\/assoufid-golf-club-Golf-Marrakech-Photo-Gallery-5-1024x683.jpg\" class=\"attachment-large size-large wp-image-1639\" alt=\"\" srcset=\"https:\/\/assoufid.com\/wp-content\/uploads\/2025\/07\/assoufid-golf-club-Golf-Marrakech-Photo-Gallery-5-1024x683.jpg 1024w, https:\/\/assoufid.com\/wp-content\/uploads\/2025\/07\/assoufid-golf-club-Golf-Marrakech-Photo-Gallery-5-300x200.jpg 300w, https:\/\/assoufid.com\/wp-content\/uploads\/2025\/07\/assoufid-golf-club-Golf-Marrakech-Photo-Gallery-5-768x512.jpg 768w, https:\/\/assoufid.com\/wp-content\/uploads\/2025\/07\/assoufid-golf-club-Golf-Marrakech-Photo-Gallery-5-1536x1024.jpg 1536w, https:\/\/assoufid.com\/wp-content\/uploads\/2025\/07\/assoufid-golf-club-Golf-Marrakech-Photo-Gallery-5-2048x1365.jpg 2048w\" sizes=\"(max-width: 800px) 100vw, 800px\" \/>\t\t\t\t\t\t\t\t\t\t\t\t\t\t\t<\/div>\n\t\t\t\t<\/div>\n\t\t\t\t<\/div>\n\t\t<div class=\"elementor-element elementor-element-a460916 e-con-full e-flex e-con e-child\" data-id=\"a460916\" data-element_type=\"container\" data-e-type=\"container\" data-settings=\"{&quot;background_background&quot;:&quot;classic&quot;}\">\n\t\t\t\t<div class=\"elementor-element elementor-element-6db9ac2 elementor-widget elementor-widget-heading\" data-id=\"6db9ac2\" data-element_type=\"widget\" data-e-type=\"widget\" data-widget_type=\"heading.default\">\n\t\t\t\t<div class=\"elementor-widget-container\">\n\t\t\t\t\t<h2 class=\"elementor-heading-title elementor-size-default\">Votre pavillon pour organiser tous vos \u00e9v\u00e9nements priv\u00e9s et professionnels<\/h2>\t\t\t\t<\/div>\n\t\t\t\t<\/div>\n\t\t\t\t<div class=\"elementor-element elementor-element-4eb0730 elementor-widget elementor-widget-text-editor\" data-id=\"4eb0730\" data-element_type=\"widget\" data-e-type=\"widget\" data-widget_type=\"text-editor.default\">\n\t\t\t\t<div class=\"elementor-widget-container\">\n\t\t\t\t\t\t\t\t\t<p>Le Pavillon Priv\u00e9 du Club de Golf Assoufid est une installation exclusive adjacente au CLUBHOUSE \u00e0 Marrakech, d&rsquo;o\u00f9 les particuliers ou les entreprises peuvent organiser de petits \u00e9v\u00e9nements priv\u00e9s pouvant accueillir jusqu&rsquo;\u00e0 15 personnes. Le Pavillon comprend un grand salon, une cuisine, une piscine ext\u00e9rieure et un patio.<br \/>Un service de restauration complet peut \u00eatre fourni aux invit\u00e9s par l&rsquo;interm\u00e9diaire du Clubhouse.<\/p>\t\t\t\t\t\t\t\t<\/div>\n\t\t\t\t<\/div>\n\t\t\t\t<\/div>\n\t\t\t\t\t<\/div>\n\t\t\t\t<\/div>\n\t\t<div class=\"elementor-element elementor-element-9fb41c4 e-flex e-con-boxed elementor-invisible e-con e-parent\" data-id=\"9fb41c4\" data-element_type=\"container\" data-e-type=\"container\" data-settings=\"{&quot;animation&quot;:&quot;fadeIn&quot;}\">\n\t\t\t\t\t<div class=\"e-con-inner\">\n\t\t<div class=\"elementor-element elementor-element-919d2d3 e-con-full e-flex e-con e-child\" data-id=\"919d2d3\" data-element_type=\"container\" data-e-type=\"container\" data-settings=\"{&quot;background_background&quot;:&quot;classic&quot;}\">\n\t\t\t\t<div class=\"elementor-element elementor-element-67d5f21 elementor-widget elementor-widget-heading\" data-id=\"67d5f21\" data-element_type=\"widget\" data-e-type=\"widget\" data-widget_type=\"heading.default\">\n\t\t\t\t<div class=\"elementor-widget-container\">\n\t\t\t\t\t<h2 class=\"elementor-heading-title elementor-size-default\">PRO-SHOP<\/h2>\t\t\t\t<\/div>\n\t\t\t\t<\/div>\n\t\t\t\t<div class=\"elementor-element elementor-element-a9b580b elementor-widget elementor-widget-text-editor\" data-id=\"a9b580b\" data-element_type=\"widget\" data-e-type=\"widget\" data-widget_type=\"text-editor.default\">\n\t\t\t\t<div class=\"elementor-widget-container\">\n\t\t\t\t\t\t\t\t\t<p>Le Pro Shop du Club de golf Assoufid vend une vari\u00e9t\u00e9 d&rsquo;articles de golf haut de gamme de marques mondialement reconnues, y compris des v\u00eatements, des accessoires de golf et des \u00e9quipements de golf. Le Pro-Shop sert \u00e9galement d&rsquo;espace de r\u00e9ception pour les invit\u00e9s et les membres qui recevront un accueil chaleureux \u00e0 leur arriv\u00e9e au Assoufid Golf Club. Les heures d&rsquo;ouverture sont de 7h15 \u00e0 18h00, mais peuvent varier en fonction de la saison.<\/p>\t\t\t\t\t\t\t\t<\/div>\n\t\t\t\t<\/div>\n\t\t\t\t<\/div>\n\t\t<div class=\"elementor-element elementor-element-d1ada63 e-con-full e-flex e-con e-child\" data-id=\"d1ada63\" data-element_type=\"container\" data-e-type=\"container\">\n\t\t\t\t<div class=\"elementor-element elementor-element-d3f6175 elementor-widget elementor-widget-image\" data-id=\"d3f6175\" data-element_type=\"widget\" data-e-type=\"widget\" data-widget_type=\"image.default\">\n\t\t\t\t<div class=\"elementor-widget-container\">\n\t\t\t\t\t\t\t\t\t\t\t\t\t\t\t<img loading=\"lazy\" decoding=\"async\" width=\"680\" height=\"398\" src=\"https:\/\/assoufid.com\/wp-content\/uploads\/2025\/06\/assoufid-golf-club-Golf-Marrakech-proshop.jpg\" class=\"attachment-large size-large wp-image-1484\" alt=\"\" srcset=\"https:\/\/assoufid.com\/wp-content\/uploads\/2025\/06\/assoufid-golf-club-Golf-Marrakech-proshop.jpg 680w, https:\/\/assoufid.com\/wp-content\/uploads\/2025\/06\/assoufid-golf-club-Golf-Marrakech-proshop-300x176.jpg 300w\" sizes=\"(max-width: 680px) 100vw, 680px\" \/>\t\t\t\t\t\t\t\t\t\t\t\t\t\t\t<\/div>\n\t\t\t\t<\/div>\n\t\t\t\t<\/div>\n\t\t\t\t\t<\/div>\n\t\t\t\t<\/div>\n\t\t\t\t<\/div>\n\t\t","protected":false},"excerpt":{"rendered":"<p>Clubhouse L&rsquo;exp\u00e9rience du Clubhouse ASSOUFID Au pied de l&rsquo;Atlas, l&rsquo;ASSOUFID GOLF CLUB est un lieu enchanteur o\u00f9 vous pourrez vous adonner \u00e0 votre sport favori. Ce terrain de golf fascinant, situ\u00e9 \u00e0 quelques kilom\u00e8tres du centre ville de Marrakech, vous permet d&rsquo;exercer une activit\u00e9 intense dans une ambiance agr\u00e9able.Figurant parmi les meilleurs terrains de golf [&hellip;]<\/p>\n","protected":false},"author":1,"featured_media":0,"parent":0,"menu_order":0,"comment_status":"closed","ping_status":"closed","template":"","meta":{"footnotes":""},"class_list":["post-1006","page","type-page","status-publish","hentry"],"_links":{"self":[{"href":"https:\/\/assoufid.com\/fr\/wp-json\/wp\/v2\/pages\/1006","targetHints":{"allow":["GET"]}}],"collection":[{"href":"https:\/\/assoufid.com\/fr\/wp-json\/wp\/v2\/pages"}],"about":[{"href":"https:\/\/assoufid.com\/fr\/wp-json\/wp\/v2\/types\/page"}],"author":[{"embeddable":true,"href":"https:\/\/assoufid.com\/fr\/wp-json\/wp\/v2\/users\/1"}],"replies":[{"embeddable":true,"href":"https:\/\/assoufid.com\/fr\/wp-json\/wp\/v2\/comments?post=1006"}],"version-history":[{"count":24,"href":"https:\/\/assoufid.com\/fr\/wp-json\/wp\/v2\/pages\/1006\/revisions"}],"predecessor-version":[{"id":1794,"href":"https:\/\/assoufid.com\/fr\/wp-json\/wp\/v2\/pages\/1006\/revisions\/1794"}],"wp:attachment":[{"href":"https:\/\/assoufid.com\/fr\/wp-json\/wp\/v2\/media?parent=1006"}],"curies":[{"name":"wp","href":"https:\/\/api.w.org\/{rel}","templated":true}]}}