{"id":1434,"date":"2025-06-02T08:02:41","date_gmt":"2025-06-02T08:02:41","guid":{"rendered":"https:\/\/assoufid.com\/privacy-policy\/"},"modified":"2025-06-18T10:44:54","modified_gmt":"2025-06-18T10:44:54","slug":"politique-de-confidentialite","status":"publish","type":"page","link":"https:\/\/assoufid.com\/fr\/politique-de-confidentialite\/","title":{"rendered":"politique de confidentialit\u00e9"},"content":{"rendered":"\t\t<div data-elementor-type=\"wp-page\" data-elementor-id=\"1434\" class=\"elementor elementor-1434 elementor-575\" data-elementor-post-type=\"page\">\n\t\t\t\t<div class=\"elementor-element elementor-element-3af2f1c e-con-full e-flex e-con e-parent\" data-id=\"3af2f1c\" data-element_type=\"container\" data-e-type=\"container\" data-settings=\"{&quot;background_background&quot;:&quot;classic&quot;}\">\n\t\t\t\t<div class=\"elementor-element elementor-element-ade1d82 elementor-widget__width-initial elementor-invisible elementor-widget elementor-widget-heading\" data-id=\"ade1d82\" data-element_type=\"widget\" data-e-type=\"widget\" data-settings=\"{&quot;_animation&quot;:&quot;fadeIn&quot;}\" data-widget_type=\"heading.default\">\n\t\t\t\t<div class=\"elementor-widget-container\">\n\t\t\t\t\t<h1 class=\"elementor-heading-title elementor-size-default\">politique de confidentialit\u00e9<\/h1>\t\t\t\t<\/div>\n\t\t\t\t<\/div>\n\t\t\t\t<\/div>\n\t\t<div class=\"elementor-element elementor-element-273c5d6 e-flex e-con-boxed e-con e-parent\" data-id=\"273c5d6\" data-element_type=\"container\" data-e-type=\"container\" data-settings=\"{&quot;background_background&quot;:&quot;classic&quot;}\">\n\t\t\t\t\t<div class=\"e-con-inner\">\n\t\t\t\t<div class=\"elementor-element elementor-element-885c797 elementor-widget elementor-widget-text-editor\" data-id=\"885c797\" data-element_type=\"widget\" data-e-type=\"widget\" data-widget_type=\"text-editor.default\">\n\t\t\t\t<div class=\"elementor-widget-container\">\n\t\t\t\t\t\t\t\t\t<h3 style=\"text-align: left;\" data-start=\"40\" data-end=\"67\"><strong data-start=\"40\" data-end=\"67\">1. Pr\u00e9sentation du site<\/strong><\/h3><p style=\"text-align: left;\" data-start=\"69\" data-end=\"224\">Site web : <a class=\"\" href=\"https:\/\/assoufid.com\" target=\"_new\" rel=\"noopener\" data-start=\"80\" data-end=\"124\">https:\/\/assoufid.com<\/a><br data-start=\"124\" data-end=\"127\" \/>Propri\u00e9taire et \u00e9diteur : ASSOUFID GOLF CLUB<br data-start=\"171\" data-end=\"174\" \/>Responsable de la publication : ASSOUFID GOLF CLUB<\/p><hr data-start=\"226\" data-end=\"229\" \/><h3 style=\"text-align: left;\" data-start=\"231\" data-end=\"251\"><strong data-start=\"231\" data-end=\"251\">2. Acc\u00e8s au site<\/strong><\/h3><p style=\"text-align: left;\" data-start=\"253\" data-end=\"517\">Le site est accessible 24 heures sur 24, 7 jours sur 7, sauf en cas de force majeure, d&rsquo;op\u00e9rations de maintenance ou de probl\u00e8mes techniques. ASSOUFID GOLF CLUB met tout en \u0153uvre pour assurer un acc\u00e8s continu, mais ne peut garantir une disponibilit\u00e9 ininterrompue.<\/p><hr data-start=\"519\" data-end=\"522\" \/><h3 style=\"text-align: left;\" data-start=\"524\" data-end=\"555\"><strong data-start=\"524\" data-end=\"555\">3. Conditions d&rsquo;utilisation<\/strong><\/h3><p style=\"text-align: left;\" data-start=\"557\" data-end=\"702\">En naviguant sur ce site, vous acceptez de respecter la r\u00e9glementation en vigueur ainsi que les conditions d&rsquo;acc\u00e8s et d&rsquo;utilisation d\u00e9crites ici.<\/p><hr data-start=\"704\" data-end=\"707\" \/><h3 style=\"text-align: left;\" data-start=\"709\" data-end=\"735\"><strong data-start=\"709\" data-end=\"735\">4. Collecte de donn\u00e9es<\/strong><\/h3><p style=\"text-align: left;\" data-start=\"737\" data-end=\"875\">Nous collectons vos donn\u00e9es personnelles afin de fournir et d&rsquo;am\u00e9liorer continuellement nos services. Nous pouvons recevoir et conserver :<\/p><ul style=\"text-align: left;\" data-start=\"877\" data-end=\"1087\"><li data-start=\"877\" data-end=\"980\"><p data-start=\"879\" data-end=\"980\">Les informations que vous soumettez via les formulaires de contact ou d&rsquo;inscription \u00e0 la newsletter<\/p><\/li><li data-start=\"981\" data-end=\"1041\"><p data-start=\"983\" data-end=\"1041\">Les donn\u00e9es techniques li\u00e9es \u00e0 votre utilisation du site<\/p><\/li><li data-start=\"1042\" data-end=\"1087\"><p data-start=\"1044\" data-end=\"1087\">Les donn\u00e9es publiques ou provenant de tiers<\/p><\/li><\/ul><p style=\"text-align: left;\" data-start=\"1089\" data-end=\"1247\">Les types de donn\u00e9es collect\u00e9es peuvent inclure : votre nom, adresse e-mail, num\u00e9ro de t\u00e9l\u00e9phone, adresse IP, type de navigateur et pr\u00e9f\u00e9rences d\u2019utilisation.<\/p><hr data-start=\"1249\" data-end=\"1252\" \/><h3 style=\"text-align: left;\" data-start=\"1254\" data-end=\"1298\"><strong data-start=\"1254\" data-end=\"1298\">5. Finalit\u00e9 de l&rsquo;utilisation des donn\u00e9es<\/strong><\/h3><p style=\"text-align: left;\" data-start=\"1300\" data-end=\"1365\">Vos donn\u00e9es peuvent \u00eatre utilis\u00e9es pour les finalit\u00e9s suivantes :<\/p><ul style=\"text-align: left;\" data-start=\"1367\" data-end=\"1691\"><li data-start=\"1367\" data-end=\"1423\"><p data-start=\"1369\" data-end=\"1423\">R\u00e9pondre \u00e0 vos demandes via le formulaire de contact<\/p><\/li><li data-start=\"1424\" data-end=\"1520\"><p data-start=\"1426\" data-end=\"1520\">Envoyer des newsletters ou des communications marketing (uniquement avec votre consentement)<\/p><\/li><li data-start=\"1521\" data-end=\"1572\"><p data-start=\"1523\" data-end=\"1572\">Analyser les performances et l\u2019audience du site<\/p><\/li><li data-start=\"1573\" data-end=\"1617\"><p data-start=\"1575\" data-end=\"1617\">Am\u00e9liorer votre exp\u00e9rience de navigation<\/p><\/li><li data-start=\"1618\" data-end=\"1691\"><p data-start=\"1620\" data-end=\"1691\">Respecter les obligations l\u00e9gales ou r\u00e9pondre \u00e0 des besoins de s\u00e9curit\u00e9<\/p><\/li><\/ul><hr data-start=\"1693\" data-end=\"1696\" \/><h3 style=\"text-align: left;\" data-start=\"1698\" data-end=\"1720\"><strong data-start=\"1698\" data-end=\"1720\">6. Cadre juridique<\/strong><\/h3><p style=\"text-align: left;\" data-start=\"1722\" data-end=\"1871\">Conform\u00e9ment \u00e0 la loi marocaine n\u00b0 09-08 relative \u00e0 la protection des personnes physiques \u00e0 l&rsquo;\u00e9gard du traitement des donn\u00e9es \u00e0 caract\u00e8re personnel :<\/p><ul style=\"text-align: left;\" data-start=\"1873\" data-end=\"2112\"><li data-start=\"1873\" data-end=\"1989\"><p data-start=\"1875\" data-end=\"1989\">Vous disposez d\u2019un droit d\u2019acc\u00e8s, de rectification, de suppression ou d\u2019opposition au traitement de vos donn\u00e9es.<\/p><\/li><li data-start=\"1990\" data-end=\"2044\"><p data-start=\"1992\" data-end=\"2044\">Vous pouvez exercer ces droits en <a href=\"https:\/\/assoufid.com\/fr\/contact\/\">nous contactant<\/a>.<\/p><\/li><li data-start=\"2045\" data-end=\"2112\"><p data-start=\"2047\" data-end=\"2112\">Une preuve d\u2019identit\u00e9 peut \u00eatre exig\u00e9e pour prot\u00e9ger vos donn\u00e9es.<\/p><\/li><\/ul><hr data-start=\"2114\" data-end=\"2117\" \/><h3 style=\"text-align: left;\" data-start=\"2119\" data-end=\"2133\"><strong data-start=\"2119\" data-end=\"2133\">7. Cookies<\/strong><\/h3><p style=\"text-align: left;\" data-start=\"2135\" data-end=\"2169\">Ce site utilise des cookies pour :<\/p><ul style=\"text-align: left;\" data-start=\"2171\" data-end=\"2336\"><li data-start=\"2171\" data-end=\"2245\"><p data-start=\"2173\" data-end=\"2245\">Analyser le trafic et les performances du site (ex : Google Analytics)<\/p><\/li><li data-start=\"2246\" data-end=\"2289\"><p data-start=\"2248\" data-end=\"2289\">Enregistrer vos pr\u00e9f\u00e9rences utilisateur<\/p><\/li><li data-start=\"2290\" data-end=\"2336\"><p data-start=\"2292\" data-end=\"2336\">Am\u00e9liorer l\u2019ergonomie et la personnalisation<\/p><\/li><\/ul><p style=\"text-align: left;\" data-start=\"2338\" data-end=\"2471\">Vous pouvez d\u00e9sactiver les cookies via les param\u00e8tres de votre navigateur, mais cela peut affecter certaines fonctionnalit\u00e9s du site.<\/p><hr data-start=\"2473\" data-end=\"2476\" \/><h3 style=\"text-align: left;\" data-start=\"2478\" data-end=\"2499\"><strong data-start=\"2478\" data-end=\"2499\">8. Liens externes<\/strong><\/h3><p style=\"text-align: left;\" data-start=\"2501\" data-end=\"2658\">Notre site peut contenir des liens vers des sites tiers. Nous ne sommes pas responsables de leur contenu ni de leurs pratiques en mati\u00e8re de confidentialit\u00e9.<\/p><hr data-start=\"2660\" data-end=\"2663\" \/><h3 style=\"text-align: left;\" data-start=\"2665\" data-end=\"2692\"><strong data-start=\"2665\" data-end=\"2692\">9. S\u00e9curit\u00e9 des donn\u00e9es<\/strong><\/h3><p style=\"text-align: left;\" data-start=\"2694\" data-end=\"2959\">Nous appliquons des mesures techniques et organisationnelles appropri\u00e9es pour prot\u00e9ger vos donn\u00e9es personnelles contre la destruction accidentelle ou illicite, la perte, l\u2019alt\u00e9ration, l\u2019acc\u00e8s non autoris\u00e9 ou la divulgation. L\u2019acc\u00e8s est limit\u00e9 au personnel autoris\u00e9.<\/p><hr data-start=\"2961\" data-end=\"2964\" \/><h3 style=\"text-align: left;\" data-start=\"2966\" data-end=\"2992\"><strong data-start=\"2966\" data-end=\"2992\">10. Contenus interdits<\/strong><\/h3><p style=\"text-align: left;\" data-start=\"2994\" data-end=\"3073\">Les utilisateurs du site s\u2019engagent \u00e0 ne pas publier ou soumettre de contenus :<\/p><ul style=\"text-align: left;\" data-start=\"3075\" data-end=\"3307\"><li data-start=\"3075\" data-end=\"3175\"><p data-start=\"3077\" data-end=\"3175\">\u00c0 caract\u00e8re politique, diffamatoire, raciste, x\u00e9nophobe, ou incitant \u00e0 la violence ou \u00e0 la haine<\/p><\/li><li data-start=\"3176\" data-end=\"3238\"><p data-start=\"3178\" data-end=\"3238\">En violation de la l\u00e9gislation marocaine ou internationale<\/p><\/li><li data-start=\"3239\" data-end=\"3307\"><p data-start=\"3241\" data-end=\"3307\">Portant atteinte \u00e0 l\u2019image ou \u00e0 la r\u00e9putation d\u2019Assoufid Golf Club<\/p><\/li><\/ul><hr data-start=\"3309\" data-end=\"3312\" \/><h3 style=\"text-align: left;\" data-start=\"3314\" data-end=\"3346\"><strong data-start=\"3314\" data-end=\"3346\">11. Propri\u00e9t\u00e9 intellectuelle<\/strong><\/h3><p style=\"text-align: left;\" data-start=\"3348\" data-end=\"3666\">L\u2019ensemble des contenus pr\u00e9sents sur ce site (textes, images, graphismes, logos, ic\u00f4nes, sons, logiciels, etc.) est prot\u00e9g\u00e9 par le droit de la propri\u00e9t\u00e9 intellectuelle.<br data-start=\"3516\" data-end=\"3519\" \/>Toute utilisation, reproduction, distribution ou modification non autoris\u00e9e est strictement interdite et peut entra\u00eener des poursuites judiciaires.<\/p><hr data-start=\"3668\" data-end=\"3671\" \/><h3 style=\"text-align: left;\" data-start=\"3673\" data-end=\"3723\"><strong data-start=\"3673\" data-end=\"3723\">12. Droit applicable et juridiction comp\u00e9tente<\/strong><\/h3><p style=\"text-align: left;\" data-start=\"3725\" data-end=\"3904\">Les pr\u00e9sentes conditions sont r\u00e9gies par la l\u00e9gislation marocaine. En cas de litige, et apr\u00e8s tentative de r\u00e9solution amiable, comp\u00e9tence est attribu\u00e9e aux tribunaux de Marrakech.<\/p><hr data-start=\"3906\" data-end=\"3909\" \/><h3 style=\"text-align: left;\" data-start=\"3911\" data-end=\"3941\"><strong data-start=\"3911\" data-end=\"3941\">13. Protection des enfants<\/strong><\/h3><p style=\"text-align: left;\" data-start=\"3943\" data-end=\"4194\" data-is-last-node=\"\" data-is-only-node=\"\">Ce site n\u2019est pas destin\u00e9 aux enfants de moins de 13 ans. Nous ne collectons pas volontairement de donn\u00e9es personnelles aupr\u00e8s de mineurs. Si vous pensez que nous avons recueilli des donn\u00e9es concernant un enfant, veuillez nous contacter imm\u00e9diatement.<\/p>\t\t\t\t\t\t\t\t<\/div>\n\t\t\t\t<\/div>\n\t\t\t\t\t<\/div>\n\t\t\t\t<\/div>\n\t\t\t\t<\/div>\n\t\t","protected":false},"excerpt":{"rendered":"<p>politique de confidentialit\u00e9 1. Pr\u00e9sentation du site Site web : https:\/\/assoufid.comPropri\u00e9taire et \u00e9diteur : ASSOUFID GOLF CLUBResponsable de la publication : ASSOUFID GOLF CLUB 2. Acc\u00e8s au site Le site est accessible 24 heures sur 24, 7 jours sur 7, sauf en cas de force majeure, d&rsquo;op\u00e9rations de maintenance ou de probl\u00e8mes techniques. ASSOUFID GOLF [&hellip;]<\/p>\n","protected":false},"author":1,"featured_media":0,"parent":0,"menu_order":0,"comment_status":"closed","ping_status":"closed","template":"","meta":{"footnotes":""},"class_list":["post-1434","page","type-page","status-publish","hentry"],"_links":{"self":[{"href":"https:\/\/assoufid.com\/fr\/wp-json\/wp\/v2\/pages\/1434","targetHints":{"allow":["GET"]}}],"collection":[{"href":"https:\/\/assoufid.com\/fr\/wp-json\/wp\/v2\/pages"}],"about":[{"href":"https:\/\/assoufid.com\/fr\/wp-json\/wp\/v2\/types\/page"}],"author":[{"embeddable":true,"href":"https:\/\/assoufid.com\/fr\/wp-json\/wp\/v2\/users\/1"}],"replies":[{"embeddable":true,"href":"https:\/\/assoufid.com\/fr\/wp-json\/wp\/v2\/comments?post=1434"}],"version-history":[{"count":12,"href":"https:\/\/assoufid.com\/fr\/wp-json\/wp\/v2\/pages\/1434\/revisions"}],"predecessor-version":[{"id":1468,"href":"https:\/\/assoufid.com\/fr\/wp-json\/wp\/v2\/pages\/1434\/revisions\/1468"}],"wp:attachment":[{"href":"https:\/\/assoufid.com\/fr\/wp-json\/wp\/v2\/media?parent=1434"}],"curies":[{"name":"wp","href":"https:\/\/api.w.org\/{rel}","templated":true}]}}