{"id":1435,"date":"2025-06-02T07:50:58","date_gmt":"2025-06-02T07:50:58","guid":{"rendered":"https:\/\/assoufid.com\/legal-notice\/"},"modified":"2025-06-18T10:48:06","modified_gmt":"2025-06-18T10:48:06","slug":"mentions-legales","status":"publish","type":"page","link":"https:\/\/assoufid.com\/fr\/mentions-legales\/","title":{"rendered":"Mentions l\u00e9gales"},"content":{"rendered":"\t\t<div data-elementor-type=\"wp-page\" data-elementor-id=\"1435\" class=\"elementor elementor-1435 elementor-569\" data-elementor-post-type=\"page\">\n\t\t\t\t<div class=\"elementor-element elementor-element-7e75001 e-con-full e-flex e-con e-parent\" data-id=\"7e75001\" data-element_type=\"container\" data-e-type=\"container\" data-settings=\"{&quot;background_background&quot;:&quot;classic&quot;}\">\n\t\t\t\t<div class=\"elementor-element elementor-element-6b3d1f9 elementor-widget__width-initial elementor-invisible elementor-widget elementor-widget-heading\" data-id=\"6b3d1f9\" data-element_type=\"widget\" data-e-type=\"widget\" data-settings=\"{&quot;_animation&quot;:&quot;fadeIn&quot;}\" data-widget_type=\"heading.default\">\n\t\t\t\t<div class=\"elementor-widget-container\">\n\t\t\t\t\t<h1 class=\"elementor-heading-title elementor-size-default\">Mentions l\u00e9gales<\/h1>\t\t\t\t<\/div>\n\t\t\t\t<\/div>\n\t\t\t\t<\/div>\n\t\t<div class=\"elementor-element elementor-element-40a8b1c e-flex e-con-boxed e-con e-parent\" data-id=\"40a8b1c\" data-element_type=\"container\" data-e-type=\"container\" data-settings=\"{&quot;background_background&quot;:&quot;classic&quot;}\">\n\t\t\t\t\t<div class=\"e-con-inner\">\n\t\t\t\t<div class=\"elementor-element elementor-element-1a2ddd2 elementor-widget elementor-widget-text-editor\" data-id=\"1a2ddd2\" data-element_type=\"widget\" data-e-type=\"widget\" data-widget_type=\"text-editor.default\">\n\t\t\t\t<div class=\"elementor-widget-container\">\n\t\t\t\t\t\t\t\t\t<h3 style=\"text-align: left;\" data-start=\"40\" data-end=\"62\"><strong data-start=\"40\" data-end=\"62\">1. \u00c9diteur du site<\/strong><\/h3><p style=\"text-align: left;\" data-start=\"64\" data-end=\"282\">Site web : <a class=\"\" href=\"https:\/\/assoufid.com\" target=\"_new\" rel=\"noopener\" data-start=\"75\" data-end=\"119\">https:\/\/assoufid.com<\/a><br data-start=\"119\" data-end=\"122\" \/>Propri\u00e9taire \/ \u00c9diteur : ASSOUFID GOLF CLUB<br data-start=\"165\" data-end=\"168\" \/>Forme juridique : ASSOUFID GOLF CLUB<br data-start=\"204\" data-end=\"207\" \/>Si\u00e8ge social : 1W Avenue Mohammed V, Marrakech<br data-start=\"253\" data-end=\"256\" \/>T\u00e9l\u00e9phone : 05 24 37 48 00<\/p><hr data-start=\"284\" data-end=\"287\" \/><h3 style=\"text-align: left;\" data-start=\"289\" data-end=\"305\"><strong data-start=\"289\" data-end=\"305\">2. H\u00e9bergeur<\/strong><\/h3><p style=\"text-align: left;\" data-start=\"307\" data-end=\"427\">H\u00e9bergeur : Hostinger<br data-start=\"328\" data-end=\"331\" \/>Adresse : Kaunas, Lituanie<br data-start=\"357\" data-end=\"360\" \/>Site web : <a class=\"\" href=\"https:\/\/www.hostinger.com\/\" target=\"_new\" rel=\"noopener\" data-start=\"371\" data-end=\"427\">https:\/\/www.hostinger.com\/<\/a><\/p><hr data-start=\"429\" data-end=\"432\" \/><h3 style=\"text-align: left;\" data-start=\"434\" data-end=\"470\"><strong data-start=\"434\" data-end=\"470\">3. Responsable de la publication<\/strong><\/h3><p style=\"text-align: left;\" data-start=\"472\" data-end=\"551\">Responsable de la publication : ASSOUFID GOLF CLUB<br data-start=\"522\" data-end=\"525\" \/>T\u00e9l\u00e9phone : 05 24 37 48 00<\/p><hr data-start=\"553\" data-end=\"556\" \/><h3 style=\"text-align: left;\" data-start=\"558\" data-end=\"589\"><strong data-start=\"558\" data-end=\"589\">4. Propri\u00e9t\u00e9 intellectuelle<\/strong><\/h3><p style=\"text-align: left;\" data-start=\"591\" data-end=\"896\">Ce site web et son contenu (textes, images, vid\u00e9os, logos, graphismes) sont la propri\u00e9t\u00e9 exclusive d\u2019ASSOUFID GOLF CLUB, sauf mention contraire.<br data-start=\"735\" data-end=\"738\" \/>Toute reproduction ou diffusion, totale ou partielle, sans autorisation pr\u00e9alable est strictement interdite et pourra faire l\u2019objet de poursuites judiciaires.<\/p><hr data-start=\"898\" data-end=\"901\" \/><h3 style=\"text-align: left;\" data-start=\"903\" data-end=\"930\"><strong data-start=\"903\" data-end=\"930\">5. Donn\u00e9es personnelles<\/strong><\/h3><p style=\"text-align: left;\" data-start=\"932\" data-end=\"1071\">Pour en savoir plus sur la mani\u00e8re dont nous traitons les donn\u00e9es personnelles, veuillez consulter notre <a class=\"\" href=\"https:\/\/assoufid.com\/fr\/politique-de-confidentialite\/\" rel=\"noopener\" data-start=\"1037\" data-end=\"1070\">Politique de Confidentialit\u00e9<\/a>.<\/p><hr data-start=\"1073\" data-end=\"1076\" \/><h3 style=\"text-align: left;\" data-start=\"1078\" data-end=\"1113\"><strong data-start=\"1078\" data-end=\"1113\">6. Clause de non-responsabilit\u00e9<\/strong><\/h3><p style=\"text-align: left;\" data-start=\"1115\" data-end=\"1351\" data-is-last-node=\"\" data-is-only-node=\"\">ASSOUFID GOLF CLUB ne saurait \u00eatre tenu responsable des \u00e9ventuelles inexactitudes, omissions ou usages incorrects des informations pr\u00e9sentes sur ce site.<br data-start=\"1268\" data-end=\"1271\" \/>Les utilisateurs reconnaissent utiliser le site sous leur propre responsabilit\u00e9.<\/p>\t\t\t\t\t\t\t\t<\/div>\n\t\t\t\t<\/div>\n\t\t\t\t\t<\/div>\n\t\t\t\t<\/div>\n\t\t\t\t<\/div>\n\t\t","protected":false},"excerpt":{"rendered":"<p>Mentions l\u00e9gales 1. \u00c9diteur du site Site web : https:\/\/assoufid.comPropri\u00e9taire \/ \u00c9diteur : ASSOUFID GOLF CLUBForme juridique : ASSOUFID GOLF CLUBSi\u00e8ge social : 1W Avenue Mohammed V, MarrakechT\u00e9l\u00e9phone : 05 24 37 48 00 2. H\u00e9bergeur H\u00e9bergeur : HostingerAdresse : Kaunas, LituanieSite web : https:\/\/www.hostinger.com\/ 3. Responsable de la publication Responsable de la publication : [&hellip;]<\/p>\n","protected":false},"author":1,"featured_media":0,"parent":0,"menu_order":0,"comment_status":"closed","ping_status":"closed","template":"","meta":{"footnotes":""},"class_list":["post-1435","page","type-page","status-publish","hentry"],"_links":{"self":[{"href":"https:\/\/assoufid.com\/fr\/wp-json\/wp\/v2\/pages\/1435","targetHints":{"allow":["GET"]}}],"collection":[{"href":"https:\/\/assoufid.com\/fr\/wp-json\/wp\/v2\/pages"}],"about":[{"href":"https:\/\/assoufid.com\/fr\/wp-json\/wp\/v2\/types\/page"}],"author":[{"embeddable":true,"href":"https:\/\/assoufid.com\/fr\/wp-json\/wp\/v2\/users\/1"}],"replies":[{"embeddable":true,"href":"https:\/\/assoufid.com\/fr\/wp-json\/wp\/v2\/comments?post=1435"}],"version-history":[{"count":15,"href":"https:\/\/assoufid.com\/fr\/wp-json\/wp\/v2\/pages\/1435\/revisions"}],"predecessor-version":[{"id":1464,"href":"https:\/\/assoufid.com\/fr\/wp-json\/wp\/v2\/pages\/1435\/revisions\/1464"}],"wp:attachment":[{"href":"https:\/\/assoufid.com\/fr\/wp-json\/wp\/v2\/media?parent=1435"}],"curies":[{"name":"wp","href":"https:\/\/api.w.org\/{rel}","templated":true}]}}